{"id":100,"date":"2021-03-31T17:30:19","date_gmt":"2021-03-31T15:30:19","guid":{"rendered":"http:\/\/ranndi-saintquay.fr\/?page_id=100"},"modified":"2021-04-04T16:38:19","modified_gmt":"2021-04-04T14:38:19","slug":"les-commerces","status":"publish","type":"page","link":"https:\/\/ranndi-saintquay.fr\/?page_id=100","title":{"rendered":"Commerces &#038; restaurants"},"content":{"rendered":"<p><strong>Pour faire les courses alimentaires ou autres, nous avons de nombreuses possibilit\u00e9s que nous pr\u00e9sentons ci-dessous<\/strong><\/p>\n<ul>\n<li><strong>Les commerces de proximit\u00e9, accessibles tr\u00e8s facilement \u00e0 pied, boulangerie, boucherie, poissonnerie et sup\u00e9rette \u00e9tant d\u00e8s 200 &#8211; 300 m\u00e8tres environ.<\/strong><\/li>\n<li><strong>Les supermarch\u00e9s, sur la route de Binic. Carrefour Market et Lidl sont tr\u00e8s proche, un peu plus d&rsquo;un kilom\u00e8tre, Super U est \u00e0 7 km.<\/strong><\/li>\n<li><strong>Les march\u00e9s \u00e0 proximit\u00e9, les Lundi et Vendredi \u00e0 Saint Quay, le Mercredi \u00e0 Plouha, le Jeudi \u00e0 Binic.<\/strong><\/li>\n<li><strong>Enfin, les restaurants, au bas de cette page.<\/strong><\/li>\n<\/ul>\n<p>les distances sont estim\u00e9es<\/p>\n\n<h2><span style=\"color: #0000ff;\">Les commerces \u00e0 proximit\u00e9<\/span><\/h2>\n<p><strong>Le plan ci-dessous montre la localisation des commerces et restaurants facilement accessibles. Comme vous pouvez le voir dans la liste en l\u00e9gende, on y trouve tous les commerces indispensables, boulangerie, boucherie, poissonnerie, sup\u00e9rette (Cocci Market), le tout \u00e9tant facilement accessible \u00e0 pied.<\/strong><\/p>\n\n\n<figure class=\"wp-block-image size-large\"><img loading=\"lazy\" width=\"724\" height=\"1024\" src=\"http:\/\/ranndi-saintquay.fr\/wp-content\/uploads\/2021\/03\/St-Quay-plan-principaux-commerces-et-resto--724x1024.jpg\" alt=\"\" class=\"wp-image-101\" srcset=\"https:\/\/ranndi-saintquay.fr\/wp-content\/uploads\/2021\/03\/St-Quay-plan-principaux-commerces-et-resto--724x1024.jpg 724w, https:\/\/ranndi-saintquay.fr\/wp-content\/uploads\/2021\/03\/St-Quay-plan-principaux-commerces-et-resto--212x300.jpg 212w, https:\/\/ranndi-saintquay.fr\/wp-content\/uploads\/2021\/03\/St-Quay-plan-principaux-commerces-et-resto--768x1086.jpg 768w, https:\/\/ranndi-saintquay.fr\/wp-content\/uploads\/2021\/03\/St-Quay-plan-principaux-commerces-et-resto--1086x1536.jpg 1086w, https:\/\/ranndi-saintquay.fr\/wp-content\/uploads\/2021\/03\/St-Quay-plan-principaux-commerces-et-resto--1448x2048.jpg 1448w, https:\/\/ranndi-saintquay.fr\/wp-content\/uploads\/2021\/03\/St-Quay-plan-principaux-commerces-et-resto--1568x2217.jpg 1568w, https:\/\/ranndi-saintquay.fr\/wp-content\/uploads\/2021\/03\/St-Quay-plan-principaux-commerces-et-resto--scaled.jpg 1810w\" sizes=\"(max-width: 724px) 100vw, 724px\" \/><figcaption>Principaux commerces et restaurants<\/figcaption><\/figure>\n\n\n<p><strong>Ci-dessous, le plan au format PDF, \u00e0 t\u00e9l\u00e9charger sur votre ordinateur si vous le souhaitez.<\/strong><\/p>\n\n\n<div class=\"wp-block-file\"><a href=\"http:\/\/ranndi-saintquay.fr\/wp-content\/uploads\/2021\/03\/St-Quay-commerces-A3-annote.pdf\"><strong>St-Quay-commerces-A3-annote<\/strong><\/a><a href=\"http:\/\/ranndi-saintquay.fr\/wp-content\/uploads\/2021\/03\/St-Quay-commerces-A3-annote.pdf\" class=\"wp-block-file__button\" download>T\u00e9l\u00e9charger<\/a><\/div>\n\n\n<h2><span style=\"color: #0000ff;\">Les supermarch\u00e9s<\/span><\/h2>\n<p><strong>Un peu plus loin, 1 km \u00e0 1,5 km, en prenant la route vers Binic, on trouveras un Carrefour Market et un magasin Lidl.<\/strong><\/p>\n<p><strong>C&rsquo;est ce magasin Lidl que nous privil\u00e9gions pour notre part, pour les fruits et l\u00e9gumes et les produits laitiers. Les produits sont de qualit\u00e9 (arrivages journaliers) et les prix tr\u00e8s int\u00e9ressants.<\/strong><\/p>\n<p><strong>Enfin, un peu avant d&rsquo;arriver \u00e0 Binic, vous trouverez un Super U. Il est plus grand que le Carrefour Market et propose plus de choix.<\/strong><\/p>\n\n<h2><span style=\"color: #0000ff;\">Les restaurants<\/span><\/h2>\n<p><strong>St Quay \u00e9tant \u00e9tendu, nous consid\u00e9rerons le cot\u00e9 Kasino, o\u00f9 est localis\u00e9 le g\u00eete, et le c\u00f4t\u00e9 port.<\/strong><\/p>\n<p><strong>Notre top 3 :<\/strong><\/p>\n<ol>\n<li><strong>en \u00ab\u00a02\u00a0\u00bb sur le plan, une cr\u00eaperie tout d&rsquo;abord, \u00ab\u00a0La fleur de bl\u00e9 noir\u00a0\u00bb, \u00e0 100 m\u00e8tres du g\u00eete<\/strong><\/li>\n<li><strong>en \u00ab\u00a04\u00a0\u00bb, \u00ab\u00a0Les cochons flingueurs\u00a0\u00bb, bar et restaurant<\/strong><\/li>\n<li><strong>cot\u00e9 port, enfin, le restaurant \u00ab\u00a0l&rsquo;Atypic\u00a0\u00bb, qui propose un menu sympathique le midi en semaine, ou pour les gourmets (gourmands ?) une s\u00e9lection de brochettes g\u00e9antes.<\/strong><\/li>\n<\/ol>\n<p><strong>Bien entendu ce ne sont pas les seuls.<\/strong><\/p>\n<p><strong>Cot\u00e9 Kasino, il y a \u00e9galement \u00ab\u00a0Les enfants terribles\u00a0\u00bb, et cot\u00e9 port, (\u00a0\u00a0\u00a0 \u00e0 compl\u00e9ter\u00a0\u00a0\u00a0 ) pour ne citer que les principaux.<\/strong><\/p>","protected":false},"excerpt":{"rendered":"<p>Pour faire les courses alimentaires ou autres, nous avons de nombreuses possibilit\u00e9s que nous pr\u00e9sentons ci-dessous Les commerces de proximit\u00e9, accessibles tr\u00e8s facilement \u00e0 pied, boulangerie, boucherie, poissonnerie et sup\u00e9rette \u00e9tant d\u00e8s 200 &#8211; 300 m\u00e8tres environ. Les supermarch\u00e9s, sur la route de Binic. Carrefour Market et Lidl sont tr\u00e8s proche, un peu plus d&rsquo;un&hellip; <a class=\"more-link\" href=\"https:\/\/ranndi-saintquay.fr\/?page_id=100\">Poursuivre la lecture <span class=\"screen-reader-text\">Commerces &#038; restaurants<\/span><\/a><\/p>\n","protected":false},"author":1,"featured_media":0,"parent":0,"menu_order":0,"comment_status":"closed","ping_status":"closed","template":"","meta":[],"_links":{"self":[{"href":"https:\/\/ranndi-saintquay.fr\/index.php?rest_route=\/wp\/v2\/pages\/100"}],"collection":[{"href":"https:\/\/ranndi-saintquay.fr\/index.php?rest_route=\/wp\/v2\/pages"}],"about":[{"href":"https:\/\/ranndi-saintquay.fr\/index.php?rest_route=\/wp\/v2\/types\/page"}],"author":[{"embeddable":true,"href":"https:\/\/ranndi-saintquay.fr\/index.php?rest_route=\/wp\/v2\/users\/1"}],"replies":[{"embeddable":true,"href":"https:\/\/ranndi-saintquay.fr\/index.php?rest_route=%2Fwp%2Fv2%2Fcomments&post=100"}],"version-history":[{"count":3,"href":"https:\/\/ranndi-saintquay.fr\/index.php?rest_route=\/wp\/v2\/pages\/100\/revisions"}],"predecessor-version":[{"id":107,"href":"https:\/\/ranndi-saintquay.fr\/index.php?rest_route=\/wp\/v2\/pages\/100\/revisions\/107"}],"wp:attachment":[{"href":"https:\/\/ranndi-saintquay.fr\/index.php?rest_route=%2Fwp%2Fv2%2Fmedia&parent=100"}],"curies":[{"name":"wp","href":"https:\/\/api.w.org\/{rel}","templated":true}]}}